{"id":228,"date":"2026-04-08T12:47:44","date_gmt":"2026-04-08T12:47:44","guid":{"rendered":"https:\/\/lawrence-exhibitions-caravelle.com\/?post_type=product&#038;p=228"},"modified":"2026-04-16T12:21:20","modified_gmt":"2026-04-16T12:21:20","slug":"catalogo-freddie-mercury","status":"publish","type":"product","link":"https:\/\/lawrence-exhibitions-caravelle.com\/it\/produit\/catalogue-freddie-mercury\/","title":{"rendered":"Catalogo di Freddie Mercury"},"content":{"rendered":"","protected":false},"excerpt":{"rendered":"<div dir=\"ltr\">\n<div dir=\"auto\">Il catalogo della mostra Freddie Mercury, ne dis jamais adieu, realizzata con il sostegno ufficiale del Queen France Fanclub, \u00e8 prefato dal suo presidente e dal fotografo Denis O'Regan, che ha seguito con talento la carriera della band e del suo cantante.<\/div>\n<div dir=\"auto\">L\u2019ouvrage de 324 pages r\u00e9unit 150 photographies, dont certaines rares ou in\u00e9dites, comment\u00e9es par l\u2019\u00e9crivain David Lawrence.<\/div>\n<div dir=\"auto\">Mustapha e Ibrahim, amici d'infanzia di Farrokh Bulsara - noto come Freddie Mercury - parlano della carriera dell'artista.<\/div>\n<\/div>\n<ul>\n<li dir=\"ltr\">Lingua: francese, inglese.<\/li>\n<li dir=\"ltr\">Formato: 24 cm x 24 cm.<\/li>\n<\/ul>\n<p>Data di uscita: 11 aprile 2026<\/p>","protected":false},"featured_media":229,"comment_status":"closed","ping_status":"closed","template":"","meta":{"_acf_changed":false},"product_brand":[],"product_cat":[20],"product_tag":[],"class_list":{"0":"post-228","1":"product","2":"type-product","3":"status-publish","4":"has-post-thumbnail","6":"product_cat-catalogues","8":"first","9":"instock","10":"taxable","11":"shipping-taxable","12":"purchasable","13":"product-type-simple","14":"czr-hentry"},"acf":[],"_links":{"self":[{"href":"https:\/\/lawrence-exhibitions-caravelle.com\/it\/wp-json\/wp\/v2\/product\/228","targetHints":{"allow":["GET"]}}],"collection":[{"href":"https:\/\/lawrence-exhibitions-caravelle.com\/it\/wp-json\/wp\/v2\/product"}],"about":[{"href":"https:\/\/lawrence-exhibitions-caravelle.com\/it\/wp-json\/wp\/v2\/types\/product"}],"replies":[{"embeddable":true,"href":"https:\/\/lawrence-exhibitions-caravelle.com\/it\/wp-json\/wp\/v2\/comments?post=228"}],"wp:featuredmedia":[{"embeddable":true,"href":"https:\/\/lawrence-exhibitions-caravelle.com\/it\/wp-json\/wp\/v2\/media\/229"}],"wp:attachment":[{"href":"https:\/\/lawrence-exhibitions-caravelle.com\/it\/wp-json\/wp\/v2\/media?parent=228"}],"wp:term":[{"taxonomy":"product_brand","embeddable":true,"href":"https:\/\/lawrence-exhibitions-caravelle.com\/it\/wp-json\/wp\/v2\/product_brand?post=228"},{"taxonomy":"product_cat","embeddable":true,"href":"https:\/\/lawrence-exhibitions-caravelle.com\/it\/wp-json\/wp\/v2\/product_cat?post=228"},{"taxonomy":"product_tag","embeddable":true,"href":"https:\/\/lawrence-exhibitions-caravelle.com\/it\/wp-json\/wp\/v2\/product_tag?post=228"}],"curies":[{"name":"wp","href":"https:\/\/api.w.org\/{rel}","templated":true}]}}